{"id":283,"date":"2026-01-27T15:13:00","date_gmt":"2026-01-27T14:13:00","guid":{"rendered":"https:\/\/wpsl.joanajost.fr\/?page_id=283"},"modified":"2026-04-01T10:13:05","modified_gmt":"2026-04-01T08:13:05","slug":"a-propos","status":"publish","type":"page","link":"https:\/\/emmadurovray.com\/en\/a-propos\/","title":{"rendered":"\u00c0 propos"},"content":{"rendered":"<div class=\"wp-block-columns is-layout-flex wp-container-core-columns-is-layout-983379da wp-block-columns-is-layout-flex\">\n<div class=\"wp-block-column is-content-justification-left is-layout-constrained wp-container-core-column-is-layout-b797ea6c wp-block-column-is-layout-constrained\" style=\"padding-top:0;padding-bottom:var(--wp--preset--spacing--xl);flex-basis:700px\">\n<p>Born in 1999, Emma Durovray lives and works in Paris. She graduated from the \u00c9cole Nationale Sup\u00e9rieure d'Arts de Paris-Cergy in 2024. That same year, she was a finalist for the Clim'art prize supported by the Andurand Foundation. Her work has been shown in several group exhibitions, such as La roue de la fortune at the Tour Orion (Montreuil), Close-up at Neuvitech (Neuville-sur-Oise), and Ultranature(s) at 6b (Saint-Denis). In 2025, she was awarded a residency program by the Institut Fran\u00e7ais in Romania and participated in the Light Horizons residency at the Cetate Arts Danube art center, supported by the Institut Fran\u00e7ais and Galerie 418.<\/p>\n\n\n\n<p>Emma Durovray's works explore the transformations of nature in the Anthropocene era, questioning the place of plant life in our daily lives. Placing as much importance on the creative process as on the final object, the artist combines traditional techniques with the reuse of manufactured objects, ensuring that the mediums used are consistent with the subject matter. Through textiles, video, and sculpture, she invites us to rediscover plant forms as silent witnesses to our lived experiences. By juxtaposing photographs and objects from her personal archives with the plants she collects, she explores their similarities and places them on an equal footing, considering them as forms rather than objects. Beyond narrative, Emma Durovray's works encourage us to look at the things around us as figures, spirals, trees, and contours that shape our daily lives.<\/p>\n\n\n\n<div style=\"height:var(--wp--preset--spacing--md)\" aria-hidden=\"true\" class=\"wp-block-spacer\"><\/div>\n\n\n\n<p>Contact :<\/p>\n\n\n\n<p>durovraye@gmail.com<\/p>\n\n\n\n<p>catalog and prices available on request<\/p>\n\n\n\n<figure class=\"wp-block-image alignwide size-full\"><img loading=\"lazy\" decoding=\"async\" width=\"2044\" height=\"2560\" src=\"https:\/\/emmadurovray.com\/wp-content\/uploads\/2026\/02\/20241127_Atelier-Photos.0029-scaled.jpg\" alt=\"\" class=\"wp-image-503\" srcset=\"https:\/\/emmadurovray.com\/wp-content\/uploads\/2026\/02\/20241127_Atelier-Photos.0029-scaled.jpg 2044w, https:\/\/emmadurovray.com\/wp-content\/uploads\/2026\/02\/20241127_Atelier-Photos.0029-240x300.jpg 240w, https:\/\/emmadurovray.com\/wp-content\/uploads\/2026\/02\/20241127_Atelier-Photos.0029-818x1024.jpg 818w, https:\/\/emmadurovray.com\/wp-content\/uploads\/2026\/02\/20241127_Atelier-Photos.0029-768x962.jpg 768w, https:\/\/emmadurovray.com\/wp-content\/uploads\/2026\/02\/20241127_Atelier-Photos.0029-1227x1536.jpg 1227w, https:\/\/emmadurovray.com\/wp-content\/uploads\/2026\/02\/20241127_Atelier-Photos.0029-1635x2048.jpg 1635w, https:\/\/emmadurovray.com\/wp-content\/uploads\/2026\/02\/20241127_Atelier-Photos.0029-10x12.jpg 10w\" sizes=\"auto, (max-width: 2044px) 100vw, 2044px\" \/><figcaption class=\"wp-element-caption\"><strong>\u00a9<\/strong> Alan David Padilla<\/figcaption><\/figure>\n<\/div>\n\n\n\n<div class=\"wp-block-column is-content-justification-left is-layout-constrained wp-container-core-column-is-layout-50333836 wp-block-column-is-layout-constrained\" style=\"padding-bottom:var(--wp--preset--spacing--xl);padding-left:0;flex-basis:520px\">\n<details class=\"wp-block-details is-layout-flow wp-block-details-is-layout-flow\"><summary>curriculum vitae<\/summary>\n<div style=\"margin-top:0;margin-bottom:0;height:var(--wp--preset--spacing--md)\" aria-hidden=\"true\" class=\"wp-block-spacer\"><\/div>\n\n\n\n<h3 class=\"wp-block-heading\" style=\"font-style:normal;font-weight:500\">group exhibitions <\/h3>\n\n\n\n<figure class=\"wp-block-table\"><table><tbody><tr><td>2026<\/td><td>Prix Icart Artistik Rezo, Bastille Design Center, Paris, FR<\/td><\/tr><tr><td>2026<\/td><td>Paris 1 Panth\u00e9on-Sorbonne Prize, Bastille Design Center, Paris, FR<\/td><\/tr><tr><td>2025<\/td><td>Light horizons, 418 gallery, Munich, DE<\/td><\/tr><tr><td>2025<\/td><td>Light horizons, Cetate Arts Danube, Cetate, RO<\/td><\/tr><tr><td>2025<\/td><td>Ultranature(s), curated by Vanessa Kroupa, 6b, Saint denis, FR<\/td><\/tr><tr><td>2024<\/td><td>I\u2019m obsessed with sharing to support, Geneva, CH<\/td><\/tr><tr><td>2024<\/td><td>Prix Clim\u2019art, 16th townhall, Paris, FR<\/td><\/tr><tr><td>2024<\/td><td>La roue de la fortune, curated by Emploi fictif, Tour Orion, Montreuil, FR<\/td><\/tr><tr><td>2024<\/td><td>Close-up, curated by Camille Martin, Neuville-sur-Oise, FR<\/td><\/tr><\/tbody><\/table><\/figure>\n\n\n\n<h3 class=\"wp-block-heading\" style=\"font-style:normal;font-weight:500\">solo exhibitions <\/h3>\n\n\n\n<figure class=\"wp-block-table\"><table><tbody><tr><td>2022<\/td><td>About threads and time, Mogalakwena Research and Art Craft Center, ZA<\/td><\/tr><\/tbody><\/table><\/figure>\n\n\n\n<h3 class=\"wp-block-heading\" style=\"font-style:normal;font-weight:500\">residencies<\/h3>\n\n\n\n<figure class=\"wp-block-table\"><table><tbody><tr><td>2025<\/td><td>Cetate Arts Danube, French institute in Roumania                                      <\/td><\/tr><\/tbody><\/table><\/figure>\n\n\n\n<h3 class=\"wp-block-heading\" style=\"font-style:normal;font-weight:500\">prizes<\/h3>\n\n\n\n<figure class=\"wp-block-table\"><table><tbody><tr><td>2026<\/td><td>Laur\u00e9ate du Prix Icart Artistik Rezo<\/td><\/tr><tr><td>2026<\/td><td>Finalist of the Paris 1 Panth\u00e9on-Sorbonne Prize for contemporary art<\/td><\/tr><tr><td>2024<\/td><td>Finalist of the Clim\u2019art prize, fondation Andurand,<\/td><\/tr><\/tbody><\/table><\/figure>\n\n\n\n<h3 class=\"wp-block-heading\" style=\"font-style:normal;font-weight:500\">education<\/h3>\n\n\n\n<figure class=\"wp-block-table\"><table><tbody><tr><td>2024<\/td><td>Co-fonder of Papillon93, artists\u2019 studio in Saint-Ouen sur Seine,<\/td><\/tr><tr><td>2024<\/td><td>DNSEP (master degree) at l\u2019Ecole Nationale Sup\u00e9rieure d\u2019Arts de Paris-Cergy (ENSAPC)<\/td><\/tr><tr><td>2022<\/td><td>Internship at Mogalakwena Research and Art Craft Center (South Africa) in a nature reserve<\/td><\/tr><tr><td>2018<\/td><td>Public preparatory year at Paris City Hall<\/td><\/tr><\/tbody><\/table><\/figure>\n<\/details>\n<\/div>\n<\/div>","protected":false},"excerpt":{"rendered":"<p>N\u00e9e en 1999, Emma Durovray vit et travaille \u00e0 Paris. Elle est dipl\u00f4m\u00e9e de l\u2019\u00c9cole Nationale Sup\u00e9rieure d\u2019Arts de Paris-Cergy en 2024. La m\u00eame ann\u00e9e, elle est finaliste du prix Clim&rsquo;art soutenu par la fondation Andurand. Son travail a \u00e9t\u00e9 montr\u00e9 dans plusieurs expositions collectives, telles que La roue de la fortune \u00e0 la Tour [&hellip;]<\/p>\n","protected":false},"author":1,"featured_media":0,"parent":0,"menu_order":0,"comment_status":"closed","ping_status":"closed","template":"page-propos","meta":{"footnotes":""},"class_list":["post-283","page","type-page","status-publish","hentry"],"_links":{"self":[{"href":"https:\/\/emmadurovray.com\/en\/wp-json\/wp\/v2\/pages\/283","targetHints":{"allow":["GET"]}}],"collection":[{"href":"https:\/\/emmadurovray.com\/en\/wp-json\/wp\/v2\/pages"}],"about":[{"href":"https:\/\/emmadurovray.com\/en\/wp-json\/wp\/v2\/types\/page"}],"author":[{"embeddable":true,"href":"https:\/\/emmadurovray.com\/en\/wp-json\/wp\/v2\/users\/1"}],"replies":[{"embeddable":true,"href":"https:\/\/emmadurovray.com\/en\/wp-json\/wp\/v2\/comments?post=283"}],"version-history":[{"count":36,"href":"https:\/\/emmadurovray.com\/en\/wp-json\/wp\/v2\/pages\/283\/revisions"}],"predecessor-version":[{"id":533,"href":"https:\/\/emmadurovray.com\/en\/wp-json\/wp\/v2\/pages\/283\/revisions\/533"}],"wp:attachment":[{"href":"https:\/\/emmadurovray.com\/en\/wp-json\/wp\/v2\/media?parent=283"}],"curies":[{"name":"wp","href":"https:\/\/api.w.org\/{rel}","templated":true}]}}